{"id":2,"date":"2020-09-13T16:33:24","date_gmt":"2020-09-13T14:33:24","guid":{"rendered":"http:\/\/94.23.222.75\/weft\/?page_id=2"},"modified":"2026-01-11T19:41:22","modified_gmt":"2026-01-11T18:41:22","slug":"page-d-exemple","status":"publish","type":"page","link":"https:\/\/entraide-franco-tibetaine.com\/","title":{"rendered":"Entraide Franco-Tib\u00e9taine"},"content":{"rendered":"\n<h2 class=\"has-text-color has-regular-font-size\" style=\"color:#660000\">L&rsquo;association Entraide Franco-tib\u00e9taine a pour vocation la sauvegarde et le maintien de la tradition culturelle tib\u00e9taine<\/h2>\n\n\n\n<div class=\"wp-block-image\"><figure class=\"alignleft size-large is-resized\"><img loading=\"lazy\" src=\"http:\/\/94.23.222.75\/weft\/wp-content\/uploads\/2020\/09\/jeunes_tibetains.png\" alt=\"\" class=\"wp-image-84\" width=\"439\" height=\"302\" srcset=\"https:\/\/entraide-franco-tibetaine.com\/wp-content\/uploads\/2020\/09\/jeunes_tibetains.png 371w, https:\/\/entraide-franco-tibetaine.com\/wp-content\/uploads\/2020\/09\/jeunes_tibetains-300x206.png 300w\" sizes=\"(max-width: 439px) 100vw, 439px\" \/><\/figure><\/div>\n\n\n\n<p>Elle vient en aide aux populations tib\u00e9taines r\u00e9fugi\u00e9es en Inde. Elle apporte son soutien aux personnes \u00e2g\u00e9es indigentes, aux malades, aux enfants scolaris\u00e9s et aux religieux.<\/p>\n\n\n\n<p>Actuellement, elle concentre ses efforts sur la refondation de l&rsquo;ensemble scolaire et monastique de Dagpo Dratsang en Inde du Nord, dans la vall\u00e9e de Kullu.<\/p>\n\n\n\n<h3 class=\"has-text-color has-small-font-size\" style=\"color:#660000\">Fond\u00e9e et pr\u00e9sid\u00e9e par le Lama tib\u00e9tain DAGPO RIMPOTCHE<\/h3>\n\n\n\n<p>Install\u00e9 en France depuis 1960, professeur \u00e0 l&rsquo;INALCO pendant trente ans, actuellement \u00e0 la retraite, fondateur et Sup\u00e9rieur de la congr\u00e9gation bouddhiste Ganden Ling ainsi que de l&rsquo;Institut Gu\u00e9p\u00e8le.<\/p>\n\n\n\n<h2 class=\"has-small-font-size\"><\/h2>\n\n\n\n<h2>VOEUX 2026<\/h2>\n\n\n\n<p><strong>Puisse cette nouvelle ann\u00e9e \u00eatre b\u00e9n\u00e9fique au plus grand nombre.<\/strong><\/p>\n","protected":false},"excerpt":{"rendered":"<p>L&rsquo;association Entraide Franco-tib\u00e9taine a pour vocation la sauvegarde et le maintien de la tradition culturelle tib\u00e9taine Elle vient en aide aux populations tib\u00e9taines r\u00e9fugi\u00e9es en Inde. Elle apporte son soutien aux personnes \u00e2g\u00e9es indigentes, aux malades, aux enfants scolaris\u00e9s et&#8230; <a class=\"more-link\" href=\"https:\/\/entraide-franco-tibetaine.com\/\">Continue Reading &rarr;<\/a><\/p>\n","protected":false},"author":1,"featured_media":0,"parent":0,"menu_order":0,"comment_status":"closed","ping_status":"open","template":"","meta":[],"_links":{"self":[{"href":"https:\/\/entraide-franco-tibetaine.com\/index.php\/wp-json\/wp\/v2\/pages\/2"}],"collection":[{"href":"https:\/\/entraide-franco-tibetaine.com\/index.php\/wp-json\/wp\/v2\/pages"}],"about":[{"href":"https:\/\/entraide-franco-tibetaine.com\/index.php\/wp-json\/wp\/v2\/types\/page"}],"author":[{"embeddable":true,"href":"https:\/\/entraide-franco-tibetaine.com\/index.php\/wp-json\/wp\/v2\/users\/1"}],"replies":[{"embeddable":true,"href":"https:\/\/entraide-franco-tibetaine.com\/index.php\/wp-json\/wp\/v2\/comments?post=2"}],"version-history":[{"count":6,"href":"https:\/\/entraide-franco-tibetaine.com\/index.php\/wp-json\/wp\/v2\/pages\/2\/revisions"}],"predecessor-version":[{"id":254,"href":"https:\/\/entraide-franco-tibetaine.com\/index.php\/wp-json\/wp\/v2\/pages\/2\/revisions\/254"}],"wp:attachment":[{"href":"https:\/\/entraide-franco-tibetaine.com\/index.php\/wp-json\/wp\/v2\/media?parent=2"}],"curies":[{"name":"wp","href":"https:\/\/api.w.org\/{rel}","templated":true}]}}